{"id":29,"date":"2021-11-30T15:21:31","date_gmt":"2021-11-30T15:21:31","guid":{"rendered":"https:\/\/nnn.rhp.eu\/?page_id=29"},"modified":"2022-02-16T15:06:35","modified_gmt":"2022-02-16T15:06:35","slug":"impressum","status":"publish","type":"page","link":"https:\/\/www.rhp.eu\/en\/impressum\/","title":{"rendered":"Imprint"},"content":{"rendered":"<p>Information according to \u00a7 5 German Telemediengesetz (TMG):<\/p>\n\n\n\n<h4 class=\"wp-block-heading\" id=\"name-und-anschrift-5-abs-1-nr-1-tmg\">Name And Address (\u00a7 5 (1) No. 1 TMG)<\/h4>\n\n\n\n<p>REHBERG H\u00dcPPE + PARTNER<br>Patentanw\u00e4lte PartG mbB<br>Robert-Gernhardt-Platz 1<br>37073 G\u00f6ttingen<br>Deutschland<\/p>\n\n\n\n<h4 class=\"wp-block-heading\" id=\"vertretungsberechtigte-5-abs-1-nr-1-tmg\">Authorized Representatives (\u00a7 5 (1) No. 1 TMG)<\/h4>\n\n\n\n<p>Patent Attorney Dipl.-Phys. Paul W. H\u00fcppe<br>Patent Attorney Dr.-Ing. Nikolaus W. Hinrichs<\/p>\n\n\n\n<p><strong>Entity Type (\u00a7 5 (1) No. 1 TMG)<\/strong><\/p>\n\n\n\n<p>REHBERG HUEPPE + PARTNER Patentanwaelte PartG mbB is a partnership with limited liability organized under the laws of Germany.<\/p>\n\n\n\n<h4 class=\"wp-block-heading\" id=\"kontakt-und-kommunikationsangaben-5-abs-2-nr-2-tmg\">Contact And Communications Information (\u00a7 5 (1) No. 2 TMG)<\/h4>\n\n\n\n<p>Telephone: +49-551-48877-0<br>Facsimile: +49-551-48877-11<br>E-Mail: office@rhp.eu<br>Internet: www.rhp.eu<\/p>\n\n\n\n<p>Mail: REHBERG H\u00dcPPE + PARTNER<br>Patentanw\u00e4lte PartG mbB<br>Robert-Gernhardt-Platz 1<br>37073 G\u00f6ttingen<br>Deutschland<\/p>\n\n\n\n<h4 class=\"wp-block-heading\" id=\"registereintragung-5-abs-1-nr-4-tmg\">Registration (\u00a7 5 (1) No. 4 TMG)<\/h4>\n\n\n\n<p>REHBERG HUEPPE + PARTNER Patentanwaelte PartG mbB is a partnership with limited liability registered under number 120157 in the register of partnerships kept at Hannover Municipal Court.<\/p>\n\n\n\n<h4 class=\"wp-block-heading\" id=\"kammermitgliedschaft-5-abs-1-nr-5a-tmg\">Chamber Membership (\u00a7 5 (1) No. 5 a TMG)<\/h4>\n\n\n\n<p>The German patent attorneys of REHBERG HUEPPE + PARTNER Patentanwaelte PartG mbB are members of the German Chamber of Patent Attorneys.<\/p>\n\n\n\n<p>The European patent attorneys of REHBERG HUEPPE + PARTNER Patentanwaelte PartG mbB are members of the Institute of Professional Representatives before the European Patent Office (epi).<\/p>\n\n\n\n<h4 class=\"wp-block-heading\" id=\"gesetzliche-berufsbezeichnung-5-abs-1-nr-5b-tmg\">Legal Job Title (\u00a7 5 (1) No. 5 b TMG)<\/h4>\n\n\n\n<p>Paul W. H\u00fcppe:  Patent Attorney (Federal Republic of Germany), European Patent Attorney<br><br>Dr. Nikolaus W. Hinrichs: Patent Attorney (Federal Republic of Germany), European Patent Attorney<\/p>\n\n\n\n<p><\/p>\n\n\n\n<h4 class=\"wp-block-heading\" id=\"berufsrechtliche-regelungen-5-abs-1-nr-5c-tmg\">Professional Standards (\u00a7 5 (1) No. 5 c TMG)<\/h4>\n\n\n\n<p>Patentanwaltsordnung (www.gesetze-im-internet.de\/patanwo)&nbsp;<\/p>\n\n\n\n<p>Berufsordung der Patentanw\u00e4lte (www.patentanwalt.de\/downloads\/pa\/PAK_BO.pdf)<\/p>\n\n\n\n<p>FICPI Statues (www.ficpi.org)&nbsp;<\/p>\n\n\n\n<p>Code of Professional Conduct des epi (www.patentepi.com\/en\/the-institute\/rules-and-regulations\/conduct-and-discipline)<\/p>\n\n\n\n<h4 class=\"wp-block-heading\" id=\"umsatzsteueridentifikationsnummer-5-abs-1-nr-6-tmg\">VAT Registration Identification Number (\u00a7 5 (1) No. 6 TMG)<\/h4>\n\n\n\n<p>DE 814174319<\/p>\n\n\n\n<h4 class=\"wp-block-heading\" id=\"verantwortung-fur-den-internetauftritt\">Miscellaneous Information<\/h4>\n\n\n\n<p>REHBERG HUEPPE + PARTNER Patentanwaelte PartG mbB is responsible for the content of this website.<\/p>\n\n\n\n<p>RHP<sup>\u00ae<\/sup>&nbsp;is a trademark registered under registration Nos. DE 30 2018 113 806 and EM 005 631 163 as a word mark and under registration No. EM 016 064 024 as a figurative mark owned by REHBERG HUEPPE + PARTNER Patentanwaelte PartG mbB.<\/p>\n\n\n\n<p>REHBERG HUEPPE + PARTNER Patentanwaelte PartG mbB wishes to thank Habib Ferogh for designing and Julia Bergener for revising the figurative trademark \"RHP\".<\/p>\n\n\n\n<p>Erste Freischaltung:&nbsp;&nbsp;&nbsp;&nbsp;&nbsp;&nbsp;&nbsp;&nbsp;&nbsp;&nbsp;&nbsp;&nbsp;&nbsp;&nbsp;&nbsp;01.01.2022<br>Letzte Aktualisierung:&nbsp;&nbsp;&nbsp;&nbsp;&nbsp;&nbsp;&nbsp;&nbsp;&nbsp;&nbsp;&nbsp;&nbsp;01.01.2022<\/p>\n\n\n\n<p><\/p>","protected":false},"excerpt":{"rendered":"<p>Angaben gem\u00e4\u00df \u00a7 5 Telemediengesetz (TMG): Name und Anschrift (\u00a7 5 Abs. 1 Nr. 1 TMG) REHBERG H\u00dcPPE + PARTNERPatentanw\u00e4lte PartG mbBRobert-Gernhardt-Platz 137073 G\u00f6ttingenDeutschland Vertretungsberechtigte (\u00a7 5 Abs. 1 Nr. 1 TMG) Patentanwalt Dipl.-Phys. Paul W. H\u00fcppePatentanwalt Dr.-Ing. Nikolaus W. Hinrichs Rechtsform (\u00a7 5 Abs. 1 Nr. 1 TMG) REHBERG H\u00dcPPE + PARTNER Patentanw\u00e4lte PartG [&hellip;]<\/p>\n","protected":false},"author":1,"featured_media":0,"parent":0,"menu_order":0,"comment_status":"closed","ping_status":"closed","template":"","meta":{"footnotes":""},"class_list":["post-29","page","type-page","status-publish","czr-hentry"],"_links":{"self":[{"href":"https:\/\/www.rhp.eu\/en\/wp-json\/wp\/v2\/pages\/29","targetHints":{"allow":["GET"]}}],"collection":[{"href":"https:\/\/www.rhp.eu\/en\/wp-json\/wp\/v2\/pages"}],"about":[{"href":"https:\/\/www.rhp.eu\/en\/wp-json\/wp\/v2\/types\/page"}],"author":[{"embeddable":true,"href":"https:\/\/www.rhp.eu\/en\/wp-json\/wp\/v2\/users\/1"}],"replies":[{"embeddable":true,"href":"https:\/\/www.rhp.eu\/en\/wp-json\/wp\/v2\/comments?post=29"}],"version-history":[{"count":16,"href":"https:\/\/www.rhp.eu\/en\/wp-json\/wp\/v2\/pages\/29\/revisions"}],"predecessor-version":[{"id":1114,"href":"https:\/\/www.rhp.eu\/en\/wp-json\/wp\/v2\/pages\/29\/revisions\/1114"}],"wp:attachment":[{"href":"https:\/\/www.rhp.eu\/en\/wp-json\/wp\/v2\/media?parent=29"}],"curies":[{"name":"wp","href":"https:\/\/api.w.org\/{rel}","templated":true}]}}